{"id":28,"date":"2013-01-18T04:54:16","date_gmt":"2013-01-18T02:54:16","guid":{"rendered":"http:\/\/dreamteam.fi\/dtpress\/?page_id=28"},"modified":"2025-05-26T09:22:24","modified_gmt":"2025-05-26T07:22:24","slug":"yhdistys","status":"publish","type":"page","link":"http:\/\/dreamteam.fi\/dtpress\/?page_id=28","title":{"rendered":"Yhdistys"},"content":{"rendered":"<p><a href=\"http:\/\/dreamteam.fi\/dtpress\/?attachment_id=76\" rel=\"attachment wp-att-76\"><img loading=\"lazy\" class=\"alignleft size-full wp-image-76\" src=\"http:\/\/dreamteam.fi\/dtpress\/wp-content\/uploads\/2013\/01\/dt-small.png\" alt=\"dt-small\" width=\"200\" height=\"209\" \/><\/a>Dream Team on Suomen vanhin, suurin sek\u00e4 menestynein yht\u00e4jaksoisesti toiminut kilpapaintball seura. Yhdistys on perustettu 1990 ja Kilpatoimintaa yhdistys on harjoittanut vuodesta 1991 l\u00e4htien. Edustusjoukkue on saavuttanut kuusi Suomenmestaruutta vuosina 1996, 2003, 2007, 2008, 2014 sek\u00e4 2022. Dream Teamin tarkoituksena on edist\u00e4\u00e4 paintball-harrastusta Turun alueella sek\u00e4 harjoittaa aktiivisesti kilpatoimintaa.<\/p>\n<p>Dream Team on kasvanut huomattavasti 2000-luvulla ja j\u00e4seni\u00e4 seurassa on yli 60 joista 30:ll\u00e4 on kilpalisenssi. Kautena 2025 toiminnassa olevia joukkueita on kaksi, jotka kiert\u00e4v\u00e4t kilpasarjat. Lajista kiinnostuneiden aloittelijoiden kannattaa tulla seuran harjoituksiin tutustumaan lajiin. Dream Team on jo useamman vuoden j\u00e4rjest\u00e4nyt kaikille halukkaille turnauskokemusta SPBL avoimella sarjatasolla,\u00a0 2-divisoonassa joten aloittelijoillekkin l\u00f6ytyy paikka kilpakentille.<\/p>\n<p>Dream Team:in toimintaa tukevat paikalliset yritykset mahdollistavat Suomen parhaat harjoittelupuitteet. Harjoituspaikamme sijaitsee Maskussa yksityisell\u00e4 tontilla. ISO kiitos siit\u00e4 kuulu Mikko Koposelle ja h\u00e4nen vanhemmilleen.\u00a0 Kent\u00e4mme on t\u00e4ysimittainen 35mx45m pitk\u00e4 NXL-standardien mukainen verkotettu nurmikentt\u00e4. Seura omistaa oman ilmat\u00e4ytteisen NXL 2025 s\u00e4\u00e4nt\u00f6jen mukaisen SupAir kent\u00e4n sek\u00e4 siirret\u00e4v\u00e4n \u00a0Bauer Mariner korkepainekompressorin.<\/p>\n<p>Seuran edustusjoukkueen pelivarusteet toimittaa kaudella 2024 Planet Eclipse. Dream Team pelaa <a href=\"http:\/\/www.planeteclipse.com\/\" rel=\"attachment wp-att-91\"><img loading=\"lazy\" class=\"alignright size-full wp-image-91\" title=\"Planet Eclipse\" src=\"http:\/\/dreamteam.fi\/dtpress\/wp-content\/uploads\/2013\/01\/etech.jpg\" alt=\"Planet Eclipse\" width=\"250\" height=\"158\" \/><\/a>kauden CS3, GEO 4 sek\u00e4 EGO LV merkkaimilla, sek\u00e4 k\u00e4ytt\u00e4\u00e4 Carbonin suojia, ett\u00e4 maskeja, Virtuen loadereita ja 53 Jerseyn customoituja pelipaitoja.<\/p>\n<p>Pallot meille toimittaa pohjoiseuroopan suurin paintballalan yritys, Sissos Oy. Kisapallona k\u00e4yt\u00e4mme GI SPORTZ ULTRA EVIL:i\u00e4. My\u00f6skin varustetilauksiin sek\u00e4 v\u00e4linehuoltoon seuran apuna on Sissos Oy sek\u00e4 Turussa toimiva Suomen Splat Oy. Haluamme kiitt\u00e4\u00e4 kaikkia yhteisty\u00f6kumppaneitamme avusta meid\u00e4n parhaaksemme.<\/p>\n","protected":false},"excerpt":{"rendered":"<p>Dream Team on Suomen vanhin, suurin sek\u00e4 menestynein yht\u00e4jaksoisesti toiminut kilpapaintball seura. Yhdistys on perustettu 1990 ja Kilpatoimintaa yhdistys on harjoittanut vuodesta 1991 l\u00e4htien. Edustusjoukkue on saavuttanut kuusi Suomenmestaruutta vuosina 1996, 2003, 2007, 2008, 2014 sek\u00e4 2022. Dream Teamin tarkoituksena on edist\u00e4\u00e4 paintball-harrastusta Turun alueella sek\u00e4 harjoittaa aktiivisesti kilpatoimintaa. Dream Team on kasvanut huomattavasti 2000-luvulla [&hellip;]<\/p>\n","protected":false},"author":1,"featured_media":0,"parent":0,"menu_order":0,"comment_status":"closed","ping_status":"closed","template":"","meta":[],"_links":{"self":[{"href":"http:\/\/dreamteam.fi\/dtpress\/index.php?rest_route=\/wp\/v2\/pages\/28"}],"collection":[{"href":"http:\/\/dreamteam.fi\/dtpress\/index.php?rest_route=\/wp\/v2\/pages"}],"about":[{"href":"http:\/\/dreamteam.fi\/dtpress\/index.php?rest_route=\/wp\/v2\/types\/page"}],"author":[{"embeddable":true,"href":"http:\/\/dreamteam.fi\/dtpress\/index.php?rest_route=\/wp\/v2\/users\/1"}],"replies":[{"embeddable":true,"href":"http:\/\/dreamteam.fi\/dtpress\/index.php?rest_route=%2Fwp%2Fv2%2Fcomments&post=28"}],"version-history":[{"count":20,"href":"http:\/\/dreamteam.fi\/dtpress\/index.php?rest_route=\/wp\/v2\/pages\/28\/revisions"}],"predecessor-version":[{"id":513,"href":"http:\/\/dreamteam.fi\/dtpress\/index.php?rest_route=\/wp\/v2\/pages\/28\/revisions\/513"}],"wp:attachment":[{"href":"http:\/\/dreamteam.fi\/dtpress\/index.php?rest_route=%2Fwp%2Fv2%2Fmedia&parent=28"}],"curies":[{"name":"wp","href":"https:\/\/api.w.org\/{rel}","templated":true}]}}