{"id":336,"date":"2019-05-07T02:48:05","date_gmt":"2019-05-07T00:48:05","guid":{"rendered":"http:\/\/dreamteam.fi\/dtpress\/?page_id=336"},"modified":"2025-12-14T14:33:24","modified_gmt":"2025-12-14T12:33:24","slug":"kauppa","status":"publish","type":"page","link":"http:\/\/dreamteam.fi\/dtpress\/?page_id=336","title":{"rendered":"Kauppa"},"content":{"rendered":"\n<p>Dream Teamin kannatustuotteita saatavilla! Kysele saatavuutta Kaitsulta, 0400 &#8211; 527 805.<\/p>\n\n\n\n<figure class=\"wp-block-image size-large\"><img loading=\"lazy\" width=\"561\" height=\"748\" src=\"http:\/\/dreamteam.fi\/dtpress\/wp-content\/uploads\/2024\/10\/dtmyrkky2.jpg\" alt=\"\" class=\"wp-image-496\" srcset=\"http:\/\/dreamteam.fi\/dtpress\/wp-content\/uploads\/2024\/10\/dtmyrkky2.jpg 561w, http:\/\/dreamteam.fi\/dtpress\/wp-content\/uploads\/2024\/10\/dtmyrkky2-225x300.jpg 225w\" sizes=\"(max-width: 561px) 100vw, 561px\" \/><figcaption><strong>INFERNO<\/strong>&nbsp;15e Purkki<\/figcaption><\/figure>\n\n\n\n<p>Pirullisen tulista ja helvetillist\u00e4 soosia, joka takoo takaraivoon kuin<br>boksillinen palloja metrist\u00e4. Tulisuus rummuttaa kielen tunnottomaksi ja<br>kitalaen rakoille. Tunnet viel\u00e4 seuraavanakin p\u00e4iv\u00e4n\u00e4 kuinka pirullinen<br>lieska hivelee kankkuja menness\u00e4\u00e4n. Piru suosittelee!!!<\/p>\n\n\n\n<figure class=\"wp-block-image size-large\"><img loading=\"lazy\" width=\"561\" height=\"748\" src=\"http:\/\/dreamteam.fi\/dtpress\/wp-content\/uploads\/2024\/10\/dt_myrkky1.jpg\" alt=\"\" class=\"wp-image-497\" srcset=\"http:\/\/dreamteam.fi\/dtpress\/wp-content\/uploads\/2024\/10\/dt_myrkky1.jpg 561w, http:\/\/dreamteam.fi\/dtpress\/wp-content\/uploads\/2024\/10\/dt_myrkky1-225x300.jpg 225w\" sizes=\"(max-width: 561px) 100vw, 561px\" \/><figcaption><strong>BLAZE&nbsp;<\/strong>15e Purkki<\/figcaption><\/figure>\n\n\n\n<p>T\u00e4m\u00e4 soosi sopii bunkkerin takana kyhj\u00f6tt\u00e4v\u00e4lle kipua pelk\u00e4\u00e4v\u00e4lle<br>pelimiehelle tai -naiselle. Tulisuus on l\u00e4hinn\u00e4 mielt\u00e4 l\u00e4mmitt\u00e4v\u00e4\u00e4 ja<br>kipua ei tarvitse pel\u00e4t\u00e4. T\u00e4t\u00e4 soosia voit bl\u00e4\u00e4st\u00e4t\u00e4 melkein mihin<br>ruokaan vain. Piru suosittelee!!!<\/p>\n\n\n\n<figure class=\"wp-block-image size-large\"><img loading=\"lazy\" width=\"615\" height=\"771\" src=\"https:\/\/dreamteam.fi\/dtpress\/wp-content\/uploads\/2025\/11\/dt_seinakalenteri2026.jpg\" alt=\"\" class=\"wp-image-523\" srcset=\"http:\/\/dreamteam.fi\/dtpress\/wp-content\/uploads\/2025\/11\/dt_seinakalenteri2026.jpg 615w, http:\/\/dreamteam.fi\/dtpress\/wp-content\/uploads\/2025\/11\/dt_seinakalenteri2026-239x300.jpg 239w\" sizes=\"(max-width: 615px) 100vw, 615px\" \/><figcaption>DT Sein\u00e4kalenteri 2026 &#8211; 15e<\/figcaption><\/figure>\n\n\n\n<figure class=\"wp-block-image size-large\"><img loading=\"lazy\" width=\"375\" height=\"779\" src=\"https:\/\/dreamteam.fi\/dtpress\/wp-content\/uploads\/2025\/11\/salipullo.jpg\" alt=\"\" class=\"wp-image-522\" srcset=\"http:\/\/dreamteam.fi\/dtpress\/wp-content\/uploads\/2025\/11\/salipullo.jpg 375w, http:\/\/dreamteam.fi\/dtpress\/wp-content\/uploads\/2025\/11\/salipullo-144x300.jpg 144w\" sizes=\"(max-width: 375px) 100vw, 375px\" \/><figcaption>DT-sporttipullo 0.8L 20e<\/figcaption><\/figure>\n\n\n\n<div class=\"wp-block-image\"><figure class=\"alignleft size-large is-resized\"><img loading=\"lazy\" src=\"https:\/\/dreamteam.fi\/dtpress\/wp-content\/uploads\/2023\/12\/taskumatti-1024x1024.jpg\" alt=\"\" class=\"wp-image-452\" width=\"389\" height=\"389\" srcset=\"http:\/\/dreamteam.fi\/dtpress\/wp-content\/uploads\/2023\/12\/taskumatti-1024x1024.jpg 1024w, http:\/\/dreamteam.fi\/dtpress\/wp-content\/uploads\/2023\/12\/taskumatti-300x300.jpg 300w, http:\/\/dreamteam.fi\/dtpress\/wp-content\/uploads\/2023\/12\/taskumatti-150x150.jpg 150w, http:\/\/dreamteam.fi\/dtpress\/wp-content\/uploads\/2023\/12\/taskumatti-768x768.jpg 768w, http:\/\/dreamteam.fi\/dtpress\/wp-content\/uploads\/2023\/12\/taskumatti-1536x1536.jpg 1536w, http:\/\/dreamteam.fi\/dtpress\/wp-content\/uploads\/2023\/12\/taskumatti-624x624.jpg 624w, http:\/\/dreamteam.fi\/dtpress\/wp-content\/uploads\/2023\/12\/taskumatti.jpg 1599w\" sizes=\"(max-width: 389px) 100vw, 389px\" \/><figcaption>DT Taskumatti 20e<\/figcaption><\/figure><\/div>\n\n\n\n<div class=\"wp-block-image\"><figure class=\"alignleft size-large is-resized\"><img loading=\"lazy\" src=\"https:\/\/dreamteam.fi\/dtpress\/wp-content\/uploads\/2023\/09\/DT_Lippis-1024x919.jpg\" alt=\"\" class=\"wp-image-443\" width=\"416\" height=\"372\" srcset=\"http:\/\/dreamteam.fi\/dtpress\/wp-content\/uploads\/2023\/09\/DT_Lippis-1024x919.jpg 1024w, http:\/\/dreamteam.fi\/dtpress\/wp-content\/uploads\/2023\/09\/DT_Lippis-300x269.jpg 300w, http:\/\/dreamteam.fi\/dtpress\/wp-content\/uploads\/2023\/09\/DT_Lippis-624x560.jpg 624w, http:\/\/dreamteam.fi\/dtpress\/wp-content\/uploads\/2023\/09\/DT_Lippis.jpg 1536w\" sizes=\"(max-width: 416px) 100vw, 416px\" \/><figcaption>DT Lippis, 15 euroa.<\/figcaption><\/figure><\/div>\n\n\n<p><\/p>\n<div id=\"attachment_421\" style=\"width: 309px\" class=\"wp-caption alignleft\"><img aria-describedby=\"caption-attachment-421\" loading=\"lazy\" class=\"wp-image-421\" src=\"http:\/\/dreamteam.fi\/dtpress\/wp-content\/uploads\/2022\/12\/parkkikiekko.jpg\" alt=\"\" width=\"299\" height=\"344\" srcset=\"http:\/\/dreamteam.fi\/dtpress\/wp-content\/uploads\/2022\/12\/parkkikiekko.jpg 1078w, http:\/\/dreamteam.fi\/dtpress\/wp-content\/uploads\/2022\/12\/parkkikiekko-260x300.jpg 260w, http:\/\/dreamteam.fi\/dtpress\/wp-content\/uploads\/2022\/12\/parkkikiekko-889x1024.jpg 889w, http:\/\/dreamteam.fi\/dtpress\/wp-content\/uploads\/2022\/12\/parkkikiekko-768x885.jpg 768w, http:\/\/dreamteam.fi\/dtpress\/wp-content\/uploads\/2022\/12\/parkkikiekko-624x719.jpg 624w\" sizes=\"(max-width: 299px) 100vw, 299px\" \/><p id=\"caption-attachment-421\" class=\"wp-caption-text\">DT Parkkikiekko, 10 euroa.<\/p><\/div>\n<p><div id=\"attachment_368\" style=\"width: 273px\" class=\"wp-caption alignleft\"><img aria-describedby=\"caption-attachment-368\" loading=\"lazy\" class=\"wp-image-368\" src=\"http:\/\/dreamteam.fi\/dtpress\/wp-content\/uploads\/2020\/11\/laturi2.jpg\" alt=\"\" width=\"263\" height=\"351\" srcset=\"http:\/\/dreamteam.fi\/dtpress\/wp-content\/uploads\/2020\/11\/laturi2.jpg 1200w, http:\/\/dreamteam.fi\/dtpress\/wp-content\/uploads\/2020\/11\/laturi2-225x300.jpg 225w, http:\/\/dreamteam.fi\/dtpress\/wp-content\/uploads\/2020\/11\/laturi2-768x1024.jpg 768w, http:\/\/dreamteam.fi\/dtpress\/wp-content\/uploads\/2020\/11\/laturi2-1152x1536.jpg 1152w, http:\/\/dreamteam.fi\/dtpress\/wp-content\/uploads\/2020\/11\/laturi2-624x832.jpg 624w\" sizes=\"(max-width: 263px) 100vw, 263px\" \/><p id=\"caption-attachment-368\" class=\"wp-caption-text\">Turvavasara laturilla, 10 Euroa<\/p><\/div><br>\n<div id=\"attachment_369\" style=\"width: 286px\" class=\"wp-caption alignleft\"><img aria-describedby=\"caption-attachment-369\" loading=\"lazy\" class=\"wp-image-369\" src=\"http:\/\/dreamteam.fi\/dtpress\/wp-content\/uploads\/2020\/11\/laturi1.jpg\" alt=\"\" width=\"276\" height=\"207\" srcset=\"http:\/\/dreamteam.fi\/dtpress\/wp-content\/uploads\/2020\/11\/laturi1.jpg 1600w, http:\/\/dreamteam.fi\/dtpress\/wp-content\/uploads\/2020\/11\/laturi1-300x225.jpg 300w, http:\/\/dreamteam.fi\/dtpress\/wp-content\/uploads\/2020\/11\/laturi1-1024x768.jpg 1024w, http:\/\/dreamteam.fi\/dtpress\/wp-content\/uploads\/2020\/11\/laturi1-768x576.jpg 768w, http:\/\/dreamteam.fi\/dtpress\/wp-content\/uploads\/2020\/11\/laturi1-1536x1152.jpg 1536w, http:\/\/dreamteam.fi\/dtpress\/wp-content\/uploads\/2020\/11\/laturi1-624x468.jpg 624w\" sizes=\"(max-width: 276px) 100vw, 276px\" \/><p id=\"caption-attachment-369\" class=\"wp-caption-text\">Turvavasara laturilla, 10 Euroa<\/p><\/div><\/p>\n<p>.<\/p>\n<div class=\"mceTemp\">&nbsp;<\/div>\n<p><\/p>\n<div id=\"attachment_346\" style=\"width: 370px\" class=\"wp-caption alignleft\"><a href=\"http:\/\/dreamteam.fi\/dtpress\/wp-content\/uploads\/2019\/05\/avaimenpera.jpg\"><img aria-describedby=\"caption-attachment-346\" loading=\"lazy\" class=\"wp-image-346 size-full\" src=\"http:\/\/dreamteam.fi\/dtpress\/wp-content\/uploads\/2019\/05\/avaimenpera.jpg\" alt=\"avaimenpera\" width=\"360\" height=\"474\" srcset=\"http:\/\/dreamteam.fi\/dtpress\/wp-content\/uploads\/2019\/05\/avaimenpera.jpg 360w, http:\/\/dreamteam.fi\/dtpress\/wp-content\/uploads\/2019\/05\/avaimenpera-228x300.jpg 228w\" sizes=\"(max-width: 360px) 100vw, 360px\" \/><\/a><p id=\"caption-attachment-346\" class=\"wp-caption-text\">Avaimenper\u00e4, 5 Euroa.<\/p><\/div>\n\n\n<p><\/p>\n","protected":false},"excerpt":{"rendered":"<p>Dream Teamin kannatustuotteita saatavilla! Kysele saatavuutta Kaitsulta, 0400 &#8211; 527 805. Pirullisen tulista ja helvetillist\u00e4 soosia, joka takoo takaraivoon kuinboksillinen palloja metrist\u00e4. Tulisuus rummuttaa kielen tunnottomaksi jakitalaen rakoille. Tunnet viel\u00e4 seuraavanakin p\u00e4iv\u00e4n\u00e4 kuinka pirullinenlieska hivelee kankkuja menness\u00e4\u00e4n. Piru suosittelee!!! T\u00e4m\u00e4 soosi sopii bunkkerin takana kyhj\u00f6tt\u00e4v\u00e4lle kipua pelk\u00e4\u00e4v\u00e4llepelimiehelle tai -naiselle. Tulisuus on l\u00e4hinn\u00e4 mielt\u00e4 l\u00e4mmitt\u00e4v\u00e4\u00e4 jakipua [&hellip;]<\/p>\n","protected":false},"author":1,"featured_media":0,"parent":0,"menu_order":14,"comment_status":"closed","ping_status":"closed","template":"","meta":[],"_links":{"self":[{"href":"http:\/\/dreamteam.fi\/dtpress\/index.php?rest_route=\/wp\/v2\/pages\/336"}],"collection":[{"href":"http:\/\/dreamteam.fi\/dtpress\/index.php?rest_route=\/wp\/v2\/pages"}],"about":[{"href":"http:\/\/dreamteam.fi\/dtpress\/index.php?rest_route=\/wp\/v2\/types\/page"}],"author":[{"embeddable":true,"href":"http:\/\/dreamteam.fi\/dtpress\/index.php?rest_route=\/wp\/v2\/users\/1"}],"replies":[{"embeddable":true,"href":"http:\/\/dreamteam.fi\/dtpress\/index.php?rest_route=%2Fwp%2Fv2%2Fcomments&post=336"}],"version-history":[{"count":35,"href":"http:\/\/dreamteam.fi\/dtpress\/index.php?rest_route=\/wp\/v2\/pages\/336\/revisions"}],"predecessor-version":[{"id":532,"href":"http:\/\/dreamteam.fi\/dtpress\/index.php?rest_route=\/wp\/v2\/pages\/336\/revisions\/532"}],"wp:attachment":[{"href":"http:\/\/dreamteam.fi\/dtpress\/index.php?rest_route=%2Fwp%2Fv2%2Fmedia&parent=336"}],"curies":[{"name":"wp","href":"https:\/\/api.w.org\/{rel}","templated":true}]}}