{"id":37,"date":"2013-01-18T05:07:09","date_gmt":"2013-01-18T03:07:09","guid":{"rendered":"http:\/\/dreamteam.fi\/dtpress\/?page_id=37"},"modified":"2021-05-09T04:59:05","modified_gmt":"2021-05-09T02:59:05","slug":"joukkueet","status":"publish","type":"page","link":"http:\/\/dreamteam.fi\/dtpress\/?page_id=37","title":{"rendered":"Joukkueet"},"content":{"rendered":"<p>Dream Teamiss\u00e4 toimii kaksi joukkuetta joista molemmat pelaavat Suomen Paintball-liitton alaisissa kilpasarjoissa. SPBL j\u00e4rjest\u00e4\u00e4 nelj\u00e4 eri turnausviikonloppua kaudessa, kussakin pelataa kaikki kolme sarjatasoa, SM-Liiga sek\u00e4 1,2-divisioonat. Kaudella 2021 liiton pelaajalisenssin omaavia pelaajia Dream Team ry:ss\u00e4 on nelisenkymment\u00e4.<\/p>\n<p><a href=\"http:\/\/dreamteam.fi\/dtpress\/?attachment_id=70\" rel=\"attachment wp-att-70\"><img loading=\"lazy\" class=\"alignleft size-full wp-image-70\" src=\"http:\/\/dreamteam.fi\/dtpress\/wp-content\/uploads\/2013\/01\/piikkionkentta.jpg\" alt=\"piikkionkentta\" width=\"300\" height=\"165\" \/><\/a><\/p>\n<p>Eri joukkueisiin valitaan kuudesta seitsem\u00e4\u00e4n pelaajaa per kierros. Tarvittaessa, jos kaikki halukkaat eiv\u00e4t mahdu pelaamaan kahteen p\u00e4\u00e4joukkueeseen seura ilmoittaa lis\u00e4joukkueita liiton avoimeen, kolmanteen sarjatasoon. Vuonna 2020 Dream Team \u00a0peluutti kahta joukkuetta SPBL kilpasarjkoissa, kaikkien kiert\u00e4ess\u00e4 nelj\u00e4 kierrosta. Irtoturnauksiin ja ulkomaille l\u00e4hti kokoelmajoukkueita. Edustusjoukkueena toimii Dream Team joka pelaa SM-Liigaa sek\u00e4 kolme divisioonatason joukkuetta. R\u00e4yh\u00e4 1-divisioonassa, Horna 2-divisioonassa sek\u00e4 Nokkapokka joka pelaa 3-divisioonassa.<\/p>\n<p>Dream Teamiss\u00e4 joukkueiden peluutus toimii kapteenivetoisesti.\u00a0Jokaisella joukkueella on oma kapteeninsa joka valitsee pelaajat\u00a0joukkueeseen noin kuukausi ennen kierrosta. N\u00e4in joukkueisiin pyrit\u00e4\u00e4n\u00a0valitsemaan aina parhaimmassa kunnossa olevat pelaajat. Seura\u00a0harjoittelee aina yhdess\u00e4 koko kauden ajan. SPBL turnauskauden aika\u00a0seuralla on kerran viikossa peliharjoitukset joissa painopiste on\u00a0joukkuepelaamisessa sek\u00e4 tekniikkaharjoitukset joissa harjoitellaan\u00a0ampumista, kent\u00e4ll\u00e4 liikkumista sek\u00e4 taktiikoiden suorittamista. Ennen\u00a0liiga ja divarikierroksia harjoitusten m\u00e4\u00e4r\u00e4\u00e4 nostetaan ja seuran\u00a0tavoitteena on harjoitella 2-3 kertaa nopeassa tahdissa juuri ennen\u00a0kierrosta.<\/p>\n<p><a href=\"http:\/\/dreamteam.fi\/dtpress\/?attachment_id=71\" rel=\"attachment wp-att-71\"><img loading=\"lazy\" class=\"size-full wp-image-71 alignright\" src=\"http:\/\/dreamteam.fi\/dtpress\/wp-content\/uploads\/2013\/01\/topa.jpg\" alt=\"topa\" width=\"300\" height=\"165\" \/><\/a><\/p>\n<p>Dream Teamin toiminta t\u00e4ht\u00e4\u00e4 edustusjoukkueen urheilulliseen\u00a0menestykseen sek\u00e4 pelaajien kehitt\u00e4miseen alemmilla sarjatasoilla\u00a0unohtamatta hauskanpitoa. Kilpapaintballista kiinnostuneiden kannattaa\u00a0tulla rohkeasti harjoituksiimme ja ottaa siten tuntumaa lajiin.\u00a0Seuralla on my\u00f6s juniorijoukkue jonka pelaajat ovat i\u00e4lt\u00e4\u00e4n 14-18\u00a0vuotiaita. Juniorijoukkue pelaa l\u00e4hialueen turnauksia. Kaikille\u00a0halukkaille joilta l\u00f6ytyy intoa ja yritt\u00e4misenhalua saadaan jo\u00a0ensimm\u00e4isen vuoden aikana saamaan turnauskokemusta, \u00a0koska\u00a0turnauksissa pelaamien on paintballin suola!<\/p>\n","protected":false},"excerpt":{"rendered":"<p>Dream Teamiss\u00e4 toimii kaksi joukkuetta joista molemmat pelaavat Suomen Paintball-liitton alaisissa kilpasarjoissa. SPBL j\u00e4rjest\u00e4\u00e4 nelj\u00e4 eri turnausviikonloppua kaudessa, kussakin pelataa kaikki kolme sarjatasoa, SM-Liiga sek\u00e4 1,2-divisioonat. Kaudella 2021 liiton pelaajalisenssin omaavia pelaajia Dream Team ry:ss\u00e4 on nelisenkymment\u00e4. Eri joukkueisiin valitaan kuudesta seitsem\u00e4\u00e4n pelaajaa per kierros. Tarvittaessa, jos kaikki halukkaat eiv\u00e4t mahdu pelaamaan kahteen p\u00e4\u00e4joukkueeseen seura [&hellip;]<\/p>\n","protected":false},"author":1,"featured_media":0,"parent":0,"menu_order":3,"comment_status":"closed","ping_status":"closed","template":"","meta":[],"_links":{"self":[{"href":"http:\/\/dreamteam.fi\/dtpress\/index.php?rest_route=\/wp\/v2\/pages\/37"}],"collection":[{"href":"http:\/\/dreamteam.fi\/dtpress\/index.php?rest_route=\/wp\/v2\/pages"}],"about":[{"href":"http:\/\/dreamteam.fi\/dtpress\/index.php?rest_route=\/wp\/v2\/types\/page"}],"author":[{"embeddable":true,"href":"http:\/\/dreamteam.fi\/dtpress\/index.php?rest_route=\/wp\/v2\/users\/1"}],"replies":[{"embeddable":true,"href":"http:\/\/dreamteam.fi\/dtpress\/index.php?rest_route=%2Fwp%2Fv2%2Fcomments&post=37"}],"version-history":[{"count":9,"href":"http:\/\/dreamteam.fi\/dtpress\/index.php?rest_route=\/wp\/v2\/pages\/37\/revisions"}],"predecessor-version":[{"id":404,"href":"http:\/\/dreamteam.fi\/dtpress\/index.php?rest_route=\/wp\/v2\/pages\/37\/revisions\/404"}],"wp:attachment":[{"href":"http:\/\/dreamteam.fi\/dtpress\/index.php?rest_route=%2Fwp%2Fv2%2Fmedia&parent=37"}],"curies":[{"name":"wp","href":"https:\/\/api.w.org\/{rel}","templated":true}]}}