{"id":56,"date":"2013-01-18T05:55:20","date_gmt":"2013-01-18T03:55:20","guid":{"rendered":"http:\/\/dreamteam.fi\/dtpress\/?page_id=56"},"modified":"2020-07-29T13:47:32","modified_gmt":"2020-07-29T11:47:32","slug":"yhteystiedot","status":"publish","type":"page","link":"http:\/\/dreamteam.fi\/dtpress\/?page_id=56","title":{"rendered":"Yhteystiedot"},"content":{"rendered":"<p>Dream Team ry.<\/p>\n<p>Liponkuja 3 21260 Raisio,\u00a0Finland \/ EU<\/p>\n<p>Jos olet kiinnostunut kilpapaintballista, mietit mit\u00e4 varusteita tarvitse aloittaaksesi harrastuksen tai haluat harjoitella seuramme kanssa, ota yhteytt\u00e4 toiminanvet\u00e4j\u00e4\u00e4mme Kai Siltalaan, 0400-527 805.<\/p>\n<p><strong>Pelikent\u00e4n osoite:<\/strong><\/p>\n<p>KIRSTIM\u00c4ENTIE, MASKU<\/p>\n","protected":false},"excerpt":{"rendered":"<p>Dream Team ry. Liponkuja 3 21260 Raisio,\u00a0Finland \/ EU Jos olet kiinnostunut kilpapaintballista, mietit mit\u00e4 varusteita tarvitse aloittaaksesi harrastuksen tai haluat harjoitella seuramme kanssa, ota yhteytt\u00e4 toiminanvet\u00e4j\u00e4\u00e4mme Kai Siltalaan, 0400-527 805. Pelikent\u00e4n osoite: KIRSTIM\u00c4ENTIE, MASKU<\/p>\n","protected":false},"author":1,"featured_media":0,"parent":0,"menu_order":15,"comment_status":"closed","ping_status":"closed","template":"","meta":[],"_links":{"self":[{"href":"http:\/\/dreamteam.fi\/dtpress\/index.php?rest_route=\/wp\/v2\/pages\/56"}],"collection":[{"href":"http:\/\/dreamteam.fi\/dtpress\/index.php?rest_route=\/wp\/v2\/pages"}],"about":[{"href":"http:\/\/dreamteam.fi\/dtpress\/index.php?rest_route=\/wp\/v2\/types\/page"}],"author":[{"embeddable":true,"href":"http:\/\/dreamteam.fi\/dtpress\/index.php?rest_route=\/wp\/v2\/users\/1"}],"replies":[{"embeddable":true,"href":"http:\/\/dreamteam.fi\/dtpress\/index.php?rest_route=%2Fwp%2Fv2%2Fcomments&post=56"}],"version-history":[{"count":6,"href":"http:\/\/dreamteam.fi\/dtpress\/index.php?rest_route=\/wp\/v2\/pages\/56\/revisions"}],"predecessor-version":[{"id":362,"href":"http:\/\/dreamteam.fi\/dtpress\/index.php?rest_route=\/wp\/v2\/pages\/56\/revisions\/362"}],"wp:attachment":[{"href":"http:\/\/dreamteam.fi\/dtpress\/index.php?rest_route=%2Fwp%2Fv2%2Fmedia&parent=56"}],"curies":[{"name":"wp","href":"https:\/\/api.w.org\/{rel}","templated":true}]}}