{"id":64,"date":"2013-01-18T06:14:00","date_gmt":"2013-01-18T04:14:00","guid":{"rendered":"http:\/\/dreamteam.fi\/dtpress\/?page_id=64"},"modified":"2013-01-18T06:14:40","modified_gmt":"2013-01-18T04:14:40","slug":"antero-tekarin-muistolle","status":"publish","type":"page","link":"http:\/\/dreamteam.fi\/dtpress\/?page_id=64","title":{"rendered":"Antero &#8220;Antsu&#8221; Tekarin Muistolle"},"content":{"rendered":"<p>&nbsp;<\/p>\n<p><a style=\"line-height: 1.714285714; font-size: 1rem;\" href=\"http:\/\/dreamteam.fi\/dtpress\/?attachment_id=65\" rel=\"attachment wp-att-65\"><img loading=\"lazy\" class=\"alignnone size-full wp-image-65\" alt=\"antsu_2006\" src=\"http:\/\/dreamteam.fi\/dtpress\/wp-content\/uploads\/2013\/01\/antsu_2006.jpg\" width=\"205\" height=\"236\" \/><\/a><a href=\"http:\/\/dreamteam.fi\/dtpress\/?attachment_id=66\" rel=\"attachment wp-att-66\"><img loading=\"lazy\" class=\"alignnone size-full wp-image-66\" alt=\"antsu_ilmoitus\" src=\"http:\/\/dreamteam.fi\/dtpress\/wp-content\/uploads\/2013\/01\/antsu_ilmoitus.gif\" width=\"166\" height=\"208\" \/><\/a><\/p>\n<p>&nbsp;<\/p>\n<ul>\n<li>Stefu Yst\u00e4v\u00e4\u00e4 ei unohdeta. Lep\u00e4\u00e4 rauhassa. Dream Team<\/li>\n<li>HENKKA Syvin osanottoni! ex DT<\/li>\n<li>Saimon Hyv\u00e4n ihmisen menetys on aina raskasta. Rauha sielullesi. Rock<\/li>\n<li>Pekka Puska Syvin osanottoni BB<\/li>\n<li>Holkki Syvin osanottoni Dream Team<\/li>\n<li>Kai Siltala Lep\u00e4\u00e4 rauhassa veli! Kaipaus on kova&#8230; Dream Team<\/li>\n<li>Hane Angels are everywhere-you are now one of them, so you`re everywhere! HirvHe<\/li>\n<li>Markus U. Lep\u00e4\u00e4 rauhassa&#8230; R\u00e4yh\u00e4<\/li>\n<li>pate lep\u00e4\u00e4 rauhassa&#8230;. r\u00e4yh\u00e4<\/li>\n<li>Ari Kupari Syvimm\u00e4t osanottoni HCS<\/li>\n<li>Juuso Lep\u00e4\u00e4 rauhassa&#8230; R\u00e4yh\u00e4<\/li>\n<li>Markku Osanotot &#8211;<\/li>\n<li>Zami Antsu, lep\u00e4\u00e4 rauhassa Dream Team<\/li>\n<li>huppu lep\u00e4\u00e4 rauhassa yst\u00e4v\u00e4!<\/li>\n<li>Nina Siltala Niin vaikea uskoa ois, et Antero todella on l\u00e4htenyt pois.<\/li>\n<li>Kiitos Antero hauskoista hetkist\u00e4, joita saimme kanssasi viett\u00e4\u00e4!<\/li>\n<li>Joskus viel\u00e4 kohtaamme.<\/li>\n<li>Motuli Osanottoni HCS<\/li>\n<li>Sepi Osanottoni HCS<\/li>\n<li>Sammy Syvimm\u00e4t osanottoni Rock<\/li>\n<li>Kimmo Kainulainen Syvin osanottoni<\/li>\n<li>Juice Surunvalitteluni ja syv\u00e4 osanottoni, todella ik\u00e4v\u00e4 uutinen. Urho<\/li>\n<li>H\u00f6yry Eritt\u00e4in surullinen uutinen. Syv\u00e4 osanottoni ja voimia my\u00f6s kaikille l\u00e4himm\u00e4isille. HCS, Takeover<\/li>\n<li>Jouni Tervonen Syvimm\u00e4t osanottoni. RumaQ<\/li>\n<li>Anu Tahkoniemi Min\u00e4 olen surullinen, kun sin\u00e4 olet poissa. Sin\u00e4 olit minulle aina aina yst\u00e4v\u00e4llinen. Nyt sin\u00e4 olet enkeli, katsot eit\u00e4 kaukaa, pilven p\u00e4\u00e4lt\u00e4. Lep\u00e4\u00e4 rauhassa.<\/li>\n<li>Make Osanottoni. Urho<\/li>\n<li>Keke Osanottoni HCS<\/li>\n<li>Reiska Syvimm\u00e4t osanottoni ja toivon voimia l\u00e4himm\u00e4isille surun keskell\u00e4. Rock<\/li>\n<li>Janne Osannottoni.<\/li>\n<li>Teemu T Osanottoni. Voimia l\u00e4heisille. Urho<\/li>\n<li>AriJ Osanottoni &#8211;<\/li>\n<li>Jussi Osanottoni<\/li>\n<li>Andrew, team Instinct (Latvia) I would like to extend the deep sympathy of all of us.<\/li>\n<li>Markku Sokaj\u00e4rvi Osanottoni &#8211;<\/li>\n<li>Vesa Lukka antero oli hyv\u00e4 ty\u00f6kaveri:(<\/li>\n<li>Antti Osanottoni ja voimia l\u00e4heisille URHO<\/li>\n<li>Katri Apulantaa lainatakseni &#8220;t\u00e4h\u00e4n p\u00e4\u00e4ttyy paljon hyv\u00e4\u00e4, paljon kaunista&#8221;&#8230; mutta yst\u00e4vyys ei p\u00e4\u00e4ty koskaan&#8230; Antsu, sinut muistetaan aina.<\/li>\n<li>Tomppa Syvin osanottoni! DT<\/li>\n<li>Jenni ja tyt\u00f6t Rommi &amp; Misty Kiitos yhteisist\u00e4 vuosista ja ikuisesta yst\u00e4vyydest\u00e4. Tyt\u00f6t odottavat edelleen p\u00e4\u00e4sy\u00e4 Anteron luo kotiin&#8230;<\/li>\n<li>Anssi Tuulivirta Syvin osanottoni. Rock<\/li>\n<li>Jarno Laakko Osanottoni ja voimia l\u00e4heisille<\/li>\n<li>Seita Sanoja ei kerta kaikkiaan l\u00f6ydy, mutta mieli ja syd\u00e4n ovat t\u00e4ynn\u00e4 hyvi\u00e4 muistoja yhteisist\u00e4 hetkist\u00e4, kiitos niist\u00e4!<\/li>\n<li>hasa ei voi sanoo muuta ku voi vittu&#8230;..<\/li>\n<li>Antti M\u00e4kinen Osanottoni ja voimia l\u00e4heisille. NVP<\/li>\n<li>Toni Syvimm\u00e4t osanottoni. Rock<\/li>\n<li>Petri J\u00e4\u00e4skel\u00e4inen Osanottoni. RumaQ<\/li>\n<li>Tommi V Osaanottoni. :'( Rock<\/li>\n<li>Tyy Syvimm\u00e4t osanottoni kaikille l\u00e4heisille ja dt:lle, hiljaiseks vet\u00e4\u00e4 Rock<\/li>\n<li>Lari J\u00e4ppinen syvimm\u00e4t osanottoni ja voimia l\u00e4heisille. NVP<\/li>\n<li>Jaska Osanottoni omaisille ja yst\u00e4ville. Rock<\/li>\n<li>Peter Allenius Osanottoni perheelle ja kaikille l\u00e4heisille. NVP<\/li>\n<li>Aatu Osanottoni. DT<\/li>\n<li>Sakke No message<\/li>\n<li>Sakke Osanottoni DT<\/li>\n<li>Mikko Kivisola Osanottoni Rock<\/li>\n<li>Make Osanottoni kaikille l\u00e4heisille. Cyclone<\/li>\n<li>Antti Ollilainen Syv\u00e4 osannottoni. Antsu oli aina leppoisa ihminen, milloin satuttiin turnauksissa t\u00f6rm\u00e4\u00e4m\u00e4\u00e4n. Rock<\/li>\n<li>AP No message<\/li>\n<li>Apa Syv\u00e4 osanottoni. NVP<\/li>\n<li>Petteri Syv\u00e4 osanottoni perheelle ja l\u00e4heisille. NVP<\/li>\n<li>&#8220;Jenni Jenninen&#8221; Muistot vain &#8211; ne sinusta j\u00e4i.<\/li>\n<li>Muistosi mukanain j\u00e4t\u00e4n j\u00e4\u00e4hyv\u00e4iset n\u00e4in. Surussa my\u00f6t\u00e4el\u00e4en.<\/li>\n<li>Topa Syvin osanottoni. LVP<\/li>\n<li>Teppo Syvin osanottoni. \u00c4rjy<\/li>\n<li>petla petlanen En tied\u00e4 mit\u00e4 ajatella, miten olla. Suru on suunnaton. Olit aina mulle niin ihana ja muruinen. Syd\u00e4n on t\u00e4ynn\u00e4 iloisia, kauniita ja ihania muistoja. Rakkaus el\u00e4\u00e4.<\/li>\n<li>Leena Kiitos kun olit yst\u00e4v\u00e4! Muistoja vaalien, surussa my\u00f6t\u00e4el\u00e4en.<\/li>\n<li>Mika Kankare Lep\u00e4\u00e4 rauhassa. Voimia kaikille l\u00e4heisille ja yst\u00e4ville.<\/li>\n<li>Jari Osanottoni<\/li>\n<li>Kirsi Kauniit muistot voimaa antaa,<\/li>\n<li>surun raskaan hiljaa kantaa. Osanottoni.<\/li>\n<li>Eikka Osanottoni \u00c4rjy<\/li>\n<li>petsu osanottoni! \u00e4rjy<\/li>\n<li>Seppo Katajisto RAY:n Turun ravintolakasinopelit ottaa osaa Club RAY:n ty\u00f6kavereiden sek\u00e4 yst\u00e4vien ja omaisten suureen suruun.<\/li>\n<li>Juho Osanottoni DT<\/li>\n<li>Visa Osanottoni DT<\/li>\n<li>Pekka Lehtinen Koko ty\u00f6yhteis\u00f6mme suree yhdess\u00e4. Club Ray ei ole en\u00e4\u00e4 entisell\u00e4\u00e4n, Sin\u00e4 puutut. L\u00e4mmin osanottomme syv\u00e4sti sureville omaisille ja yst\u00e4ville. Lep\u00e4\u00e4 rauhassa, Antero.<\/li>\n<li>Lassi Huhtala Osanottoni NVP<\/li>\n<li>Jesper Osanottoni DT\/URHO<\/li>\n<li>Samppa Kaiken sen hyv\u00e4n j\u00e4lkeen mit\u00e4 Antero on meille antanut, on h\u00e4nen nyt aika lev\u00e4t\u00e4 rauhassa. Osanottoni suruun. DT<\/li>\n<li>Sami Heino otan osaa. Antsu oli reilu kaveri ja on k\u00e4sitt\u00e4m\u00e4t\u00f6nt\u00e4 ettei \u00e4ij\u00e4\u00e4 en\u00e4\u00e4 ole. Jaksamista Anteron l\u00e4heisille ja ty\u00f6kavereille<\/li>\n<li>Jesse Johansson Osanottoni omaisille. Cyclone<\/li>\n<li>Mikke Kaivaten kamua vuosien takaa. Osanottoni perheelle ja l\u00e4heisille. Rock<\/li>\n<li>Joel Syvin osaanottoni ja pahoitteluni. Rock<\/li>\n<li>Minnie Niin se uutinen kiiri tannekin vetten taa. Ei millaan saata uskoa. Niin monta vuotta sita tunnettiin ja nyt on Antsu poissa. Ei tahdo loytaa sanoja, ei tieda mita sanoisi. Antsu olit hyva ystava, sinun laisiasi tapaa vain kerran elamassa, olit uniikk ex-club-ray<\/li>\n<li>Mnnie Do not stand at my grave and forever weep.<\/li>\n<li>I am not there; I do not sleep.<\/li>\n<li>I am a thousand winds that blow.<\/li>\n<li>I am the diamond glints on snow.<\/li>\n<li>I am the sunlight on ripened grain.<\/li>\n<li>I am the gentle autumn\u2019s rain.<\/li>\n<li>When you awaken in the morning\u2019s hus ex-club-ray<\/li>\n<li>Tuure Jotkut asiat vaan tapahtuu vaikka, muuta toivois&#8230;.<\/li>\n<li>Teemu Osanottoni. Vaikeita asioita t\u00e4ll\u00e4iset tapahtumat. Rock<\/li>\n<li>N\u00e4rv\u00e4 syv\u00e4 osanottoni R\u00e4yh\u00e4<\/li>\n<li>pasi siltala r.i.p. antsu!!! muistot el\u00e4\u00e4,taivaallista peintti\u00e4 ja osanottoni l\u00e4heisille!!! ex-dt<\/li>\n<li>Jouni Karisto Lep\u00e4\u00e4 rauhassa Antero.<\/li>\n<li>Nina &amp; Pele Kiitos yhteisist\u00e4 vuosista, Antelo! Kaipaamme sinua.<\/li>\n<li>Pasi-Markus Osanottoni. Cyclone\/Trivoga<\/li>\n<li>Muuli J\u00e4\u00e4 sanat aika v\u00e4hiin. Osanottoni l\u00e4heisille! Urho<\/li>\n<li>glo Osanotot omaisille.. Paska juttu NVP support<\/li>\n<li>Jonna Aaltonen Osanottoni..<\/li>\n<li>Tommi Osanottoni, ei voi uskoa todeksi!. Koko B\u00f6rs j\u00e4\u00e4 kaipaamaan.<\/li>\n<li>Pasi Kyl\u00e4-Liuhala T\u00f6iss\u00e4 t\u00e4n\u00e4\u00e4n Clubilla. Poismenosi ei tunnu menev\u00e4n jakeluun. J\u00e4tit j\u00e4lkeesi niin paljon muistoja. Voimia omaisille ja l\u00e4heisille. Lep\u00e4\u00e4 rauhassa ty\u00f6kaveri.<\/li>\n<li>Anu Syv\u00e4 osanottoni omaisille ja tiimille. NVP Pit Crew<\/li>\n<li>Lotta syvat osanotot ikimuistoiselle tyokaverille&#8230;<\/li>\n<li>Heidi &amp; Janne On niin vaikea uskoa ja edes yritt\u00e4\u00e4 ymm\u00e4rt\u00e4\u00e4. Muistoissamme el\u00e4t aina. J\u00e4\u00e4hyv\u00e4iset yst\u00e4v\u00e4lle.<\/li>\n<li>Juho Romakkaniemi Lep\u00e4\u00e4 rauhassa, Antsu. Voimia l\u00e4heisille suruunne ja joukkuekavereille, jotka j\u00e4itte kaipaamaan. Urho<\/li>\n<li>Turkka Osanottoni<\/li>\n<li>Sauli Ei ole kuin hyv\u00e4\u00e4 sanottavaa Anterosta, antoi paljon toisille olemallaan oma itsens\u00e4. Voimia l\u00e4heisille ja syv\u00e4 osanottoni suruun.<\/li>\n<li>Swiipeli Hyv\u00e4n ty\u00f6kaverin lis\u00e4ksi j\u00e4\u00e4n kaipaamaan nauruasi ja olkap\u00e4\u00e4t\u00e4si&#8230;<\/li>\n<li>Satu Meretoja Turun T\u00e4yspotin ty\u00f6toverit ottavat osaa suureen suruun. Paljon voimia omaisille ja yst\u00e4ville.<\/li>\n<li>Petteri Alander Osaanottoni<\/li>\n<li>Blancco Syvin osaottoni perheelle, l\u00e4heisille ja joukkue tovereille. Rock<\/li>\n<li>Jussi Parhaat kuolevat nuorina. Lep\u00e4\u00e4 rauhassa. Ex-Sisso<\/li>\n<li>Pekka Ilves Osanottoni ja jaksamisia omaisille ja yst\u00e4ville. Ent. Quality<\/li>\n<li>Maxxon Osanottoni. URHO<\/li>\n<li>Rita(nokkael\u00e4in) P\u00e4iv\u00e4t kuluvat, ja koko ajan nousee esiin uusia muistoja, pieni\u00e4 ja suuria. Nokkael\u00e4in kiitt\u00e4\u00e4 niist\u00e4 kaikista ja lausuu hiljaa mieless\u00e4\u00e4n j\u00e4\u00e4hyv\u00e4iset yst\u00e4v\u00e4lle&#8230;<\/li>\n<li>Patrik Louko Osanoottoni omaisille ja DT:lle Rock<\/li>\n<li>Mau Mau I miss U! ;( Club Ray<\/li>\n<li>manninen rest in peace.. DT<\/li>\n<li>julle yhteisi\u00e4 ty\u00f6hetki\u00e4 ja b\u00f6rsin ruokia muistellen osanottoni omaisille entinen ty\u00f6kaveri club ray<\/li>\n<li>v\u00e4hy hyv\u00e4n \u00e4ij\u00e4n muistolle nostan maljan .osanottoni omaisille ex-DT<\/li>\n<li>Pamela Niin paljon muistoja, mutta niin paljon viel\u00e4 kokematta. Edess\u00e4 tulevaisuus, josta vain sin\u00e4 puutut yst\u00e4v\u00e4ni. Lep\u00e4\u00e4 rauhassa Antelo, rakkaus ei koskaan kuole. Club Ray<\/li>\n<li>Anton (9v) Ik\u00e4v\u00e4 on suuri<\/li>\n<li>Lep\u00e4\u00e4 rauhassa Isoveli<\/li>\n<li>Klaus J\u00e4rvinen Osanottoni omaisille ja DT:lle. Jaksamista kaikille. PBT Zerofade<\/li>\n<li>Peter Ryyn\u00e4nen Osanottoni. . . omaisille Team Xtreme<\/li>\n<li>Michael M. Osanottoni ja jaksamisia kaikille<\/li>\n<li>M. Nevala Ottaen osaa omaisten ja l\u00e4heisten suruun, voimia kaikille huomiseen Trivoga\/Coitus<\/li>\n<li>Jussi Haanp\u00e4\u00e4 osanottoni coitus<\/li>\n<li>Sami Osanottoni omaisten suruun ex-Coitus\/ex-Quality<\/li>\n<li>Nipo,Kaarina ja Jussi Osan\u00f3ttomme omaisten suureen suruun ja voimaa huomiseen Playoffs<\/li>\n<li>T. Nyberg osanottoni omaisille<\/li>\n<li>Kairis Osanottoni ja voimia omaisille. Urho<\/li>\n<li>Millu En viel\u00e4k\u00e4\u00e4n usko ett\u00e4 olet poissa, ettet koskaan en\u00e4\u00e4 virnuile mulle, kun pyyh\u00e4ll\u00e4n kiireess\u00e4 salin l\u00e4pi t\u00f6ihin. Muistoissani el\u00e4t aina.<\/li>\n<li>tippa mihink\u00e4a mies kuoli???? otan osaa<\/li>\n<li>Jukka Level\u00e4 Aina hauskaa juttuseuraa. Osanottoni. &#8211;<\/li>\n<li>Sami Olander Osannottoni menetyksen johdosta ex-dream team<\/li>\n<li>Kimmo Osanottoni ja voimia l\u00e4heisille. Ballrogs<\/li>\n<li>Ville Santala L\u00e4mmin kiitos osanotoista. Antsu on saapunut t\u00e4n\u00e4\u00e4n Turkuun. Is\u00e4\u00e4 ik\u00e4v\u00f6iden ja muistellen.<\/li>\n<li>Emma Tekari Niin paljon sanomatta j\u00e4i, en sua koskaan unhoita, rakas serkkuni Antsu. En voi viel\u00e4k\u00e4\u00e4n uskoa t\u00e4t\u00e4 todeksi ett\u00e4 olet poissa ikuisesti!!! Sinua kaivaten!:\u00b4( Serkkusi Emma, Jerry ja Turo<\/li>\n<li>Jerry Bergring Antsua syv\u00e4sti kaivaten Jerry ja osanottoni my\u00f6s sukulaisille!<\/li>\n<li>Niko Kyyn\u00e4r\u00e4inen Osanottoni.<\/li>\n<li>Juha &#8220;Rabbe&#8221; Syv\u00e4 osaanottoni omaisille.<\/li>\n<li>Makke &#8220;pikku Makke&#8221; Surunvalittelut omaisille ja kaikille yst\u00e4ville.<\/li>\n<li>Tapio Ellonen Anteroa l\u00e4mm\u00f6ll\u00e4 muistellen.<\/li>\n<li>Viivi L\u00e4mm\u00f6ll\u00e4 muistelen nuoruusvuosia ja yhteisi\u00e4 hetki\u00e4. Osanottoni ja voimia l\u00e4hiomaisille.<\/li>\n<li>Sanna &#8220;Eetla&#8221; Vaikea on t\u00e4t\u00e4 ymm\u00e4rt\u00e4\u00e4. Olit aina niin kiltti ja hyv\u00e4. L\u00e4mm\u00f6ll\u00e4 muistoasi kunniottaen.<\/li>\n<li>Osanottoni syv\u00e4\u00e4 suruunne.<\/li>\n<li>mira mik\u00e4 t\u00e4\u00e4 paikka on ja kuka toi mies niikuin on??? funky team &#8220;Vervetit&#8221;[haen junnuihin]<\/li>\n<li>jani otan osaaaa<\/li>\n<li>Viljami Kinnunen Osanottoni omasta ja peliporukan puolesta. Ulappapuhveli<\/li>\n<li>petri t\u00e4htinen hienon miehen muistoa kunnioittaen,<\/li>\n<li>osanatto l\u00e4heisille.<\/li>\n<li>Pauliv Nepponen yksi hienoimmista ja aina aurinkoinen,iloa purskuva kaveri.On j\u00e4rkytys kuulla n\u00e4in mainion kaverin menehtymisest\u00e4.Syvimm\u00e4t osaanottoni kaikille Antsun l\u00e4heisille. ty\u00f6kaveri<\/li>\n<li>Matti M Vaikea on k\u00e4sitt\u00e4\u00e4&#8230; Osanotto l\u00e4heisille<\/li>\n<li>Mika Sori Antsun muistoa kunnioittaen. Muistelen mukavia nuoruuden hetki\u00e4. Surunvalittelut omaisille.<\/li>\n<li>Jarmo Pet\u00e4j\u00e4 Syv\u00e4t osanottoni ja voimia jatkoon olen sanaton<\/li>\n<li>Laanio Jari Ty\u00f6kaveria muistaen ja syv\u00e4 osanottoni.<\/li>\n<li>pertti (PERA) SALONEN TURHAN AIKAISIN L\u00c4HDIT&#8230;OSANOTTONI<\/li>\n<li>jukka &#8220;bill&#8221; laine osanottoni<\/li>\n<li>M\u00f6rri perheineen Surunvalittelut omaisille<\/li>\n<li>Mika K\u00e4hk\u00f6nen Osanottoni sukulaisille ja l\u00e4heisille<\/li>\n<li>kristiina tunsimme vain v\u00e4h\u00e4n aikaa,mutta jo siin\u00e4 ajassa n\u00e4in miten hyv\u00e4 ihminen olit!meill\u00e4 oli niin hyvi\u00e4 hetki\u00e4 yhdess\u00e4, ja autoit minua todella paljon vaikeassa el\u00e4m\u00e4ntilanteessani!olen ikuisesti kiitollinen!miksi hyv\u00e4t ihmiset otetaan meilt\u00e4 liian varhain<\/li>\n<\/ul>\n","protected":false},"excerpt":{"rendered":"<p>&nbsp; &nbsp; Stefu Yst\u00e4v\u00e4\u00e4 ei unohdeta. Lep\u00e4\u00e4 rauhassa. Dream Team HENKKA Syvin osanottoni! ex DT Saimon Hyv\u00e4n ihmisen menetys on aina raskasta. Rauha sielullesi. Rock Pekka Puska Syvin osanottoni BB Holkki Syvin osanottoni Dream Team Kai Siltala Lep\u00e4\u00e4 rauhassa veli! Kaipaus on kova&#8230; Dream Team Hane Angels are everywhere-you are now one of them, so [&hellip;]<\/p>\n","protected":false},"author":1,"featured_media":0,"parent":28,"menu_order":55,"comment_status":"closed","ping_status":"closed","template":"","meta":[],"_links":{"self":[{"href":"http:\/\/dreamteam.fi\/dtpress\/index.php?rest_route=\/wp\/v2\/pages\/64"}],"collection":[{"href":"http:\/\/dreamteam.fi\/dtpress\/index.php?rest_route=\/wp\/v2\/pages"}],"about":[{"href":"http:\/\/dreamteam.fi\/dtpress\/index.php?rest_route=\/wp\/v2\/types\/page"}],"author":[{"embeddable":true,"href":"http:\/\/dreamteam.fi\/dtpress\/index.php?rest_route=\/wp\/v2\/users\/1"}],"replies":[{"embeddable":true,"href":"http:\/\/dreamteam.fi\/dtpress\/index.php?rest_route=%2Fwp%2Fv2%2Fcomments&post=64"}],"version-history":[{"count":3,"href":"http:\/\/dreamteam.fi\/dtpress\/index.php?rest_route=\/wp\/v2\/pages\/64\/revisions"}],"predecessor-version":[{"id":69,"href":"http:\/\/dreamteam.fi\/dtpress\/index.php?rest_route=\/wp\/v2\/pages\/64\/revisions\/69"}],"up":[{"embeddable":true,"href":"http:\/\/dreamteam.fi\/dtpress\/index.php?rest_route=\/wp\/v2\/pages\/28"}],"wp:attachment":[{"href":"http:\/\/dreamteam.fi\/dtpress\/index.php?rest_route=%2Fwp%2Fv2%2Fmedia&parent=64"}],"curies":[{"name":"wp","href":"https:\/\/api.w.org\/{rel}","templated":true}]}}